{"id":2,"date":"2023-02-07T22:32:26","date_gmt":"2023-02-07T21:32:26","guid":{"rendered":"http:\/\/smoki.com.pl\/?page_id=2"},"modified":"2023-02-08T23:03:26","modified_gmt":"2023-02-08T22:03:26","slug":"przykladowa-strona","status":"publish","type":"page","link":"http:\/\/smoki.com.pl\/","title":{"rendered":"O nas"},"content":{"rendered":"\n<h3 class=\"wp-block-heading\" id=\"catchphrase\">Muzyka w 100% na \u017cywo!<\/h3>\n\n\n\n<p>Jeste\u015bmy zespo\u0142em z wieloletnim do\u015bwiadczeniem.<br>Jednym z naszych wielu atut\u00f3w jest \u015bpiewanie na kilka g\u0142os\u00f3w &#8211; przy wielu godzinach wyst\u0119pu to dodatkowo ozdabia nasze brzmienie oraz zapobiega monotonii jednego g\u0142osu. Bogaty repertuar muzyki rozrywkowej pomaga nam zaspokoi\u0107<\/p>\n\n\n\n<blockquote class=\"wp-block-quote is-layout-flow wp-block-quote-is-layout-flow\">\n<h3 class=\"wp-block-heading\">Oprawa muzyczna <\/h3>\n\n\n\n<p><\/p>\n\n\n\n<p>R\u00f3\u017cnorodny bogaty repertuar (ok. 200 kompozycji) dostosowujemy<br>do \u017cyczenia i oczekiwa\u0144 klienta, przygotowujemy tak\u017ce utwory na<br>specjalne zam\u00f3wienie. Zapewniamy nag\u0142o\u015bnienie i o\u015bwietlenie<br>sceny (zgodnie z wcze\u015bniejszymi ustaleniami).<br><br>Je\u015bli chc\u0105 Pa\u0144stwo u\u015bwietni\u0107 swoj\u0105 uroczysto\u015b\u0107<br>muzyk\u0105 zagran\u0105 na \u017cywo przez nasz zesp\u00f3\u0142<br>to zapraszamy do wsp\u00f3\u0142pracy.<br>W sk\u0142adzie zespo\u0142u SMOKI jest 5 os\u00f3b .<br><br>1. Gitara solowa<br>2. Saksofon<br>3. Instrumenty klawiszowe<br>4. Gitara basowa<br>5. Perkusja<br><br>Opr\u00f3cz wykonywania muzyki prowadzimy<br>konferansjerk\u0119, a tak\u017ce atrakcyjne<br>konkursy i ciekawe zabawy.<br>Na specjalne zam\u00f3wienie prowadzenie<br>r\u00f3wnie\u017c w j. angielskim.<\/p>\n\n\n\n<p>NOWO\u015a\u0106!<\/p>\n\n\n\n<p>Teraz mo\u017cesz wybra\u0107 dogodny dla Ciebie wariant<br>naszej us\u0142ugi:<\/p>\n\n\n\n<p>SMOKI STANDARD<\/p>\n\n\n\n<p>\u2013 muzyka i prowadzenie imprezy wykonywane w profesjonalny spos\u00f3b przez zesp\u00f3\u0142 SMOKI BAND<\/p>\n\n\n\n<p>SMOKI &amp; WOKALISTKA<\/p>\n\n\n\n<p>\u2013 opr\u00f3cz zespo\u0142u SMOKI BAND<br>dodatkowy recital przedstawiony w<br>trzech muzycznych blokach<br>wykonuje profesjonalna wokalistka<\/p>\n\n\n\n<p>SMOKI &amp; DJ<br>\u2013 wariant 1: muzyka i prowadzenie imprezy zesp\u00f3\u0142<br>SMOKI BAND, mi\u0119dzy blokami granymi na \u017cywo przez zesp\u00f3\u0142, HITY z P\u0141YTY miksuje DJ<\/p>\n\n\n\n<p>\u2013 wariant 2: do godz 1.00 muzyk\u0105 i prowadzeniem imprezy maksymalnie rozbawia go\u015bci zesp\u00f3\u0142,<br>od godz. 1.00 HITY Z P\u0141YTY prezentuje DJ<\/p>\n<\/blockquote>\n\n\n\n<p><\/p>\n","protected":false},"excerpt":{"rendered":"<p>Muzyka w 100% na \u017cywo! Jeste\u015bmy zespo\u0142em z wieloletnim do\u015bwiadczeniem.Jednym z naszych wielu atut\u00f3w jest \u015bpiewanie na kilka g\u0142os\u00f3w &#8211; przy wielu godzinach wyst\u0119pu to dodatkowo ozdabia nasze brzmienie oraz zapobiega monotonii jednego g\u0142osu. Bogaty repertuar muzyki rozrywkowej pomaga nam zaspokoi\u0107 Oprawa muzyczna R\u00f3\u017cnorodny bogaty repertuar (ok. 200 kompozycji) dostosowujemydo \u017cyczenia i oczekiwa\u0144 klienta, przygotowujemy&hellip; <br \/> <a class=\"button small blue\" href=\"http:\/\/smoki.com.pl\/\">Czytaj dalej<\/a><\/p>\n","protected":false},"author":1,"featured_media":0,"parent":0,"menu_order":0,"comment_status":"closed","ping_status":"open","template":"","meta":{"footnotes":""},"class_list":["post-2","page","type-page","status-publish","hentry"],"_links":{"self":[{"href":"http:\/\/smoki.com.pl\/index.php\/wp-json\/wp\/v2\/pages\/2","targetHints":{"allow":["GET"]}}],"collection":[{"href":"http:\/\/smoki.com.pl\/index.php\/wp-json\/wp\/v2\/pages"}],"about":[{"href":"http:\/\/smoki.com.pl\/index.php\/wp-json\/wp\/v2\/types\/page"}],"author":[{"embeddable":true,"href":"http:\/\/smoki.com.pl\/index.php\/wp-json\/wp\/v2\/users\/1"}],"replies":[{"embeddable":true,"href":"http:\/\/smoki.com.pl\/index.php\/wp-json\/wp\/v2\/comments?post=2"}],"version-history":[{"count":5,"href":"http:\/\/smoki.com.pl\/index.php\/wp-json\/wp\/v2\/pages\/2\/revisions"}],"predecessor-version":[{"id":65,"href":"http:\/\/smoki.com.pl\/index.php\/wp-json\/wp\/v2\/pages\/2\/revisions\/65"}],"wp:attachment":[{"href":"http:\/\/smoki.com.pl\/index.php\/wp-json\/wp\/v2\/media?parent=2"}],"curies":[{"name":"wp","href":"https:\/\/api.w.org\/{rel}","templated":true}]}}